{"id":27,"date":"2020-12-03T09:43:26","date_gmt":"2020-12-03T09:43:26","guid":{"rendered":"http:\/\/eltallerdejuanma.com\/wpr3ss\/?page_id=27"},"modified":"2025-05-21T06:58:04","modified_gmt":"2025-05-21T06:58:04","slug":"inicio","status":"publish","type":"page","link":"https:\/\/eltallerdejuanma.com\/wpr3ss\/","title":{"rendered":"Inicio"},"content":{"rendered":"\n<div class=\"wp-block-group\"><div class=\"wp-block-group__inner-container is-layout-flow wp-block-group-is-layout-flow\">\n<div class=\"wp-block-columns is-layout-flex wp-container-core-columns-is-layout-28f84493 wp-block-columns-is-layout-flex\">\n<div class=\"wp-block-column is-layout-flow wp-block-column-is-layout-flow\" style=\"flex-basis:100%\">\n<div class=\"wp-block-columns is-layout-flex wp-container-core-columns-is-layout-28f84493 wp-block-columns-is-layout-flex\">\n<div class=\"wp-block-column is-layout-flow wp-block-column-is-layout-flow\" style=\"flex-basis:100%\">\n<div class=\"wp-block-columns is-layout-flex wp-container-core-columns-is-layout-28f84493 wp-block-columns-is-layout-flex\">\n<div class=\"wp-block-column is-layout-flow wp-block-column-is-layout-flow\" style=\"flex-basis:100%\">\n<div class=\"wp-block-cover has-background-dim-60 has-background-dim has-parallax\" style=\"background-image:url(http:\/\/eltallerdejuanma.com\/wpr3ss\/wp-content\/uploads\/2021\/01\/Fondo-Inicio.jpg);min-height:747px;aspect-ratio:unset;\"><div class=\"wp-block-cover__inner-container is-layout-flow wp-block-cover-is-layout-flow\">\n<div class=\"wp-block-image\"><figure class=\"aligncenter size-large\"><img loading=\"lazy\" decoding=\"async\" width=\"1024\" height=\"406\" src=\"http:\/\/eltallerdejuanma.com\/wpr3ss\/wp-content\/uploads\/2021\/01\/Fondo-inicio-Lema-1-1024x406.png\" alt=\"\" class=\"wp-image-960\" srcset=\"https:\/\/eltallerdejuanma.com\/wpr3ss\/wp-content\/uploads\/2021\/01\/Fondo-inicio-Lema-1-1024x406.png 1024w, https:\/\/eltallerdejuanma.com\/wpr3ss\/wp-content\/uploads\/2021\/01\/Fondo-inicio-Lema-1-300x119.png 300w, https:\/\/eltallerdejuanma.com\/wpr3ss\/wp-content\/uploads\/2021\/01\/Fondo-inicio-Lema-1-768x304.png 768w, https:\/\/eltallerdejuanma.com\/wpr3ss\/wp-content\/uploads\/2021\/01\/Fondo-inicio-Lema-1-1536x609.png 1536w, https:\/\/eltallerdejuanma.com\/wpr3ss\/wp-content\/uploads\/2021\/01\/Fondo-inicio-Lema-1-2048x812.png 2048w\" sizes=\"auto, (max-width: 1024px) 100vw, 1024px\" \/><\/figure><\/div>\n<\/div><\/div>\n<\/div>\n<\/div>\n<\/div>\n<\/div>\n\n\n\n<div class=\"wp-block-columns is-layout-flex wp-container-core-columns-is-layout-28f84493 wp-block-columns-is-layout-flex\">\n<div class=\"wp-block-column is-layout-flow wp-block-column-is-layout-flow\">\n<figure class=\"wp-block-video\"><video height=\"1280\" style=\"aspect-ratio: 1280 \/ 1280;\" width=\"1280\" autoplay controls loop muted src=\"http:\/\/eltallerdejuanma.com\/wpr3ss\/wp-content\/uploads\/2020\/12\/Cascos.mp4\"><\/video><\/figure>\n\n\n\n<p class=\"has-text-align-center\">Aerograf\u00eda sobre cascos.<\/p>\n\n\n\n<p class=\"has-text-align-center\">Airbrushing on helmet.<\/p>\n<\/div>\n\n\n\n<div class=\"wp-block-column is-layout-flow wp-block-column-is-layout-flow\">\n<figure class=\"wp-block-video\"><video height=\"720\" style=\"aspect-ratio: 720 \/ 720;\" width=\"720\" autoplay controls loop muted src=\"http:\/\/eltallerdejuanma.com\/wpr3ss\/wp-content\/uploads\/2020\/12\/jr.aerografia-___B_3CtKNpYu8___-1.mp4\" playsinline><\/video><\/figure>\n\n\n\n<p class=\"has-text-align-center\">Aerograf\u00eda sobre madera.<\/p>\n\n\n\n<p class=\"has-text-align-center\">Airbrushing on wood.<\/p>\n<\/div>\n\n\n\n<div class=\"wp-block-column is-layout-flow wp-block-column-is-layout-flow\">\n<figure class=\"wp-block-video\"><video height=\"1280\" style=\"aspect-ratio: 1280 \/ 1280;\" width=\"1280\" autoplay controls loop muted src=\"http:\/\/eltallerdejuanma.com\/wpr3ss\/wp-content\/uploads\/2020\/12\/Camisetas.mp4\"><\/video><\/figure>\n\n\n\n<p class=\"has-text-align-center\">Aerograf\u00eda textil en camiseta.<\/p>\n\n\n\n<p class=\"has-text-align-center\">Textile airbrushing on t-shirt.<\/p>\n<\/div>\n<\/div>\n<\/div>\n<\/div>\n<\/div><\/div>\n\n\n\n<p><\/p>\n","protected":false},"excerpt":{"rendered":"<p>Aerograf\u00eda sobre cascos. Airbrushing on helmet. Aerograf\u00eda sobre madera. Airbrushing on wood. Aerograf\u00eda textil en camiseta. Textile airbrushing on t-shirt.<\/p>\n","protected":false},"author":1,"featured_media":0,"parent":0,"menu_order":0,"comment_status":"closed","ping_status":"closed","template":"","meta":{"footnotes":""},"class_list":["post-27","page","type-page","status-publish","hentry"],"_links":{"self":[{"href":"https:\/\/eltallerdejuanma.com\/wpr3ss\/index.php?rest_route=\/wp\/v2\/pages\/27","targetHints":{"allow":["GET"]}}],"collection":[{"href":"https:\/\/eltallerdejuanma.com\/wpr3ss\/index.php?rest_route=\/wp\/v2\/pages"}],"about":[{"href":"https:\/\/eltallerdejuanma.com\/wpr3ss\/index.php?rest_route=\/wp\/v2\/types\/page"}],"author":[{"embeddable":true,"href":"https:\/\/eltallerdejuanma.com\/wpr3ss\/index.php?rest_route=\/wp\/v2\/users\/1"}],"replies":[{"embeddable":true,"href":"https:\/\/eltallerdejuanma.com\/wpr3ss\/index.php?rest_route=%2Fwp%2Fv2%2Fcomments&post=27"}],"version-history":[{"count":58,"href":"https:\/\/eltallerdejuanma.com\/wpr3ss\/index.php?rest_route=\/wp\/v2\/pages\/27\/revisions"}],"predecessor-version":[{"id":961,"href":"https:\/\/eltallerdejuanma.com\/wpr3ss\/index.php?rest_route=\/wp\/v2\/pages\/27\/revisions\/961"}],"wp:attachment":[{"href":"https:\/\/eltallerdejuanma.com\/wpr3ss\/index.php?rest_route=%2Fwp%2Fv2%2Fmedia&parent=27"}],"curies":[{"name":"wp","href":"https:\/\/api.w.org\/{rel}","templated":true}]}}