{"id":28,"date":"2020-12-03T09:43:26","date_gmt":"2020-12-03T09:43:26","guid":{"rendered":"http:\/\/eltallerdejuanma.com\/wpr3ss\/?page_id=28"},"modified":"2020-12-28T15:51:07","modified_gmt":"2020-12-28T15:51:07","slug":"acerca-de","status":"publish","type":"page","link":"https:\/\/eltallerdejuanma.com\/wpr3ss\/?page_id=28","title":{"rendered":"Biograf\u00eda"},"content":{"rendered":"\n<div class=\"wp-block-columns is-layout-flex wp-container-core-columns-is-layout-28f84493 wp-block-columns-is-layout-flex\">\n<div class=\"wp-block-column is-layout-flow wp-block-column-is-layout-flow\" style=\"flex-basis:100%\">\n<div class=\"wp-block-group\"><div class=\"wp-block-group__inner-container is-layout-flow wp-block-group-is-layout-flow\">\n<div class=\"wp-block-columns is-layout-flex wp-container-core-columns-is-layout-28f84493 wp-block-columns-is-layout-flex\">\n<div class=\"wp-block-column is-layout-flow wp-block-column-is-layout-flow\" style=\"flex-basis:100%\">\n<div class=\"wp-block-columns is-layout-flex wp-container-core-columns-is-layout-28f84493 wp-block-columns-is-layout-flex\">\n<div class=\"wp-block-column is-layout-flow wp-block-column-is-layout-flow\">\n<p>           Aerograf\u00edsta, Juan Manuel Rivera nace en Sanl\u00facar de Barrameda (C\u00e1diz) en el 1980, aunque su infancia la pas\u00f3 en Chipiona, actualmente censado en su tierra natal. Su formaci\u00f3n desde peque\u00f1o siempre relacionada con la inform\u00e1tica, como programador, dise\u00f1ador gr\u00e1fico, hardware, redes, servidores, videovigilancia, lo que le di\u00f3 la estabilidad econ\u00f3mica, aunque siempre tuvo como hobby el bricolaje y la pintura, algo que siempre llevo en paralelo, en 2005 obtuvo un regalo que despertar\u00eda una nueva afici\u00f3n que ocupar\u00eda todo su tiempo libre, un aer\u00f3grafo b\u00e1sico para iniciarse en este nuevo mundo de la ilustraci\u00f3n con aer\u00f3grafo, y como autodidacta fue logrando aprender este novedoso oficio, aplicando la t\u00e9cnica de la aerograf\u00eda en cualquier tipo de soporte, como lienzo, textil, metal, madera, pl\u00e1stico, murales, etc obteniendo buenos resultados como se puede ver en la galer\u00eda.<\/p>\n<\/div>\n\n\n\n<div class=\"wp-block-column is-layout-flow wp-block-column-is-layout-flow\" style=\"flex-basis:30%\">\n<div class=\"wp-block-image is-style-rounded\"><figure class=\"aligncenter size-large is-resized\"><img loading=\"lazy\" decoding=\"async\" src=\"http:\/\/eltallerdejuanma.com\/wpr3ss\/wp-content\/uploads\/2020\/12\/biografia.jpg\" alt=\"\" class=\"wp-image-195\" width=\"251\" height=\"351\" srcset=\"https:\/\/eltallerdejuanma.com\/wpr3ss\/wp-content\/uploads\/2020\/12\/biografia.jpg 665w, https:\/\/eltallerdejuanma.com\/wpr3ss\/wp-content\/uploads\/2020\/12\/biografia-215x300.jpg 215w\" sizes=\"auto, (max-width: 251px) 100vw, 251px\" \/><figcaption>Juan Manuel Rivera<\/figcaption><\/figure><\/div>\n\n\n\n<p><\/p>\n<\/div>\n<\/div>\n<\/div>\n<\/div>\n\n\n\n<p><\/p>\n<\/div><\/div>\n<\/div>\n<\/div>\n\n\n\n<p> <\/p>\n","protected":false},"excerpt":{"rendered":"<p>Aerograf\u00edsta, Juan Manuel Rivera nace en Sanl\u00facar de Barrameda (C\u00e1diz) en el 1980, aunque su infancia la pas\u00f3 en Chipiona, actualmente censado en su tierra natal. Su formaci\u00f3n desde peque\u00f1o siempre relacionada con la inform\u00e1tica, como programador, dise\u00f1ador gr\u00e1fico, hardware, redes, servidores, videovigilancia, lo que le di\u00f3 la estabilidad econ\u00f3mica, aunque siempre tuvo como hobby &hellip; <\/p>\n<p class=\"link-more\"><a href=\"https:\/\/eltallerdejuanma.com\/wpr3ss\/?page_id=28\" class=\"more-link\">Leer m\u00e1s<span class=\"screen-reader-text\"> \u00abBiograf\u00eda\u00bb<\/span><\/a><\/p>\n","protected":false},"author":1,"featured_media":0,"parent":0,"menu_order":4,"comment_status":"closed","ping_status":"closed","template":"","meta":{"footnotes":""},"class_list":["post-28","page","type-page","status-publish","hentry"],"_links":{"self":[{"href":"https:\/\/eltallerdejuanma.com\/wpr3ss\/index.php?rest_route=\/wp\/v2\/pages\/28","targetHints":{"allow":["GET"]}}],"collection":[{"href":"https:\/\/eltallerdejuanma.com\/wpr3ss\/index.php?rest_route=\/wp\/v2\/pages"}],"about":[{"href":"https:\/\/eltallerdejuanma.com\/wpr3ss\/index.php?rest_route=\/wp\/v2\/types\/page"}],"author":[{"embeddable":true,"href":"https:\/\/eltallerdejuanma.com\/wpr3ss\/index.php?rest_route=\/wp\/v2\/users\/1"}],"replies":[{"embeddable":true,"href":"https:\/\/eltallerdejuanma.com\/wpr3ss\/index.php?rest_route=%2Fwp%2Fv2%2Fcomments&post=28"}],"version-history":[{"count":18,"href":"https:\/\/eltallerdejuanma.com\/wpr3ss\/index.php?rest_route=\/wp\/v2\/pages\/28\/revisions"}],"predecessor-version":[{"id":498,"href":"https:\/\/eltallerdejuanma.com\/wpr3ss\/index.php?rest_route=\/wp\/v2\/pages\/28\/revisions\/498"}],"wp:attachment":[{"href":"https:\/\/eltallerdejuanma.com\/wpr3ss\/index.php?rest_route=%2Fwp%2Fv2%2Fmedia&parent=28"}],"curies":[{"name":"wp","href":"https:\/\/api.w.org\/{rel}","templated":true}]}}